{"id":3969,"date":"2025-05-27T16:07:36","date_gmt":"2025-05-27T15:07:36","guid":{"rendered":"https:\/\/www2.cudda.pt\/?page_id=3969"},"modified":"2025-06-18T14:44:04","modified_gmt":"2025-06-18T13:44:04","slug":"creditos-fotograficos","status":"publish","type":"page","link":"https:\/\/www2.cudda.pt\/en\/creditos-fotograficos\/","title":{"rendered":"Cr\u00e9ditos Fotogr\u00e1ficos"},"content":{"rendered":"<div id=\"fws_69fa7640b45e7\"  data-column-margin=\"default\" data-midnight=\"dark\"  class=\"wpb_row vc_row-fluid vc_row\"  style=\"padding-top: 0px; padding-bottom: 0px; \"><div class=\"row-bg-wrap\" data-bg-animation=\"none\" data-bg-animation-delay=\"\" data-bg-overlay=\"false\"><div class=\"inner-wrap row-bg-layer\" ><div class=\"row-bg viewport-desktop\"  style=\"\"><\/div><\/div><\/div><div class=\"row_col_wrap_12 col span_12 dark left\">\n\t<div  class=\"vc_col-sm-12 wpb_column column_container vc_column_container col no-extra-padding inherit_tablet inherit_phone\"  data-padding-pos=\"all\" data-has-bg-color=\"false\" data-bg-color=\"\" data-bg-opacity=\"1\" data-animation=\"\" data-delay=\"0\" >\n\t\t<div class=\"vc_column-inner\" >\n\t\t\t<div class=\"wpb_wrapper\">\n\t\t\t\t\n<div class=\"wpb_text_column wpb_content_element\" >\n\t<div class=\"wpb_wrapper\">\n\t\t<p data-start=\"187\" data-end=\"402\">Agradecemos a todos os fot\u00f3grafos e autores das imagens utilizadas neste website. As fotografias s\u00e3o uma parte essencial da nossa identidade visual e ajudam-nos a transmitir os valores e a ess\u00eancia do nosso clube.<\/p>\n<p data-start=\"404\" data-end=\"464\">As imagens presentes neste site prov\u00eam das seguintes fontes:<\/p>\n<ul data-start=\"466\" data-end=\"680\">\n<li data-start=\"466\" data-end=\"522\">\n<p data-start=\"468\" data-end=\"522\">Fotografias pr\u00f3prias da equipa CUDDA &#8211; Gambozinos.<\/p>\n<\/li>\n<li data-start=\"523\" data-end=\"599\">\n<p data-start=\"525\" data-end=\"599\">Petrova Photo (https:\/\/www.petrovaphoto.com\/ultimate\/); Martim Vilela (@photopombo), Ana Isa Mourinho com autoriza\u00e7\u00e3o expressa para utiliza\u00e7\u00e3o.<\/p>\n<\/li>\n<li data-start=\"600\" data-end=\"680\">\n<p data-start=\"602\" data-end=\"680\">Imagens de bancos de imagens com licen\u00e7a de uso (Adobe Stock).<\/p>\n<\/li>\n<\/ul>\n<p data-start=\"682\" data-end=\"947\">Sempre que poss\u00edvel, procuramos creditar diretamente os autores junto das imagens. Caso identifique alguma fotografia que deva ser creditada de forma diferente ou retirada, por favor entre em contacto connosco atrav\u00e9s do formul\u00e1rio dispon\u00edvel na p\u00e1gina de contacto.<\/p>\n<p data-start=\"949\" data-end=\"1038\">O nosso obrigado a todos os que contribuem, com o seu olhar, para dar vida a este espa\u00e7o.<\/p>\n\t<\/div>\n<\/div>\n\n\n\n\n\t\t\t<\/div> \n\t\t<\/div>\n\t<\/div> \n<\/div><\/div>","protected":false},"excerpt":{"rendered":"Agradecemos a todos os fot\u00f3grafos e autores das imagens utilizadas neste website. As fotografias s\u00e3o uma parte essencial da nossa identidade visual e ajudam-nos a transmitir os valores e a...","protected":false},"author":2,"featured_media":0,"parent":0,"menu_order":0,"comment_status":"closed","ping_status":"closed","template":"","meta":{"footnotes":""},"class_list":["post-3969","page","type-page","status-publish"],"yoast_head":"<!-- This site is optimized with the Yoast SEO plugin v27.5 - https:\/\/yoast.com\/product\/yoast-seo-wordpress\/ -->\n<title>Cr\u00e9ditos Fotogr\u00e1ficos - CUDDA - Gambozinos<\/title>\n<meta name=\"description\" content=\"Cr\u00e9ditos fotogr\u00e1ficos das imagens utilizadas no site, com agradecimento aos autores e informa\u00e7\u00e3o sobre as fontes e licen\u00e7as das imagens.\" \/>\n<meta name=\"robots\" content=\"index, follow, max-snippet:-1, max-image-preview:large, max-video-preview:-1\" \/>\n<link rel=\"canonical\" href=\"https:\/\/www2.cudda.pt\/en\/creditos-fotograficos\/\" \/>\n<meta property=\"og:locale\" content=\"en_GB\" \/>\n<meta property=\"og:type\" content=\"article\" \/>\n<meta property=\"og:title\" content=\"Cr\u00e9ditos Fotogr\u00e1ficos - CUDDA - Gambozinos\" \/>\n<meta property=\"og:description\" content=\"Cr\u00e9ditos fotogr\u00e1ficos das imagens utilizadas no site, com agradecimento aos autores e informa\u00e7\u00e3o sobre as fontes e licen\u00e7as das imagens.\" \/>\n<meta property=\"og:url\" content=\"https:\/\/www2.cudda.pt\/en\/creditos-fotograficos\/\" \/>\n<meta property=\"og:site_name\" content=\"CUDDA - Gambozinos\" \/>\n<meta property=\"article:publisher\" content=\"https:\/\/www.facebook.com\/aveiroultimate\/\" \/>\n<meta property=\"article:modified_time\" content=\"2025-06-18T13:44:04+00:00\" \/>\n<meta property=\"og:image\" content=\"https:\/\/www2.cudda.pt\/wp-content\/uploads\/2025\/01\/LOGO_GAMBOZINOS_SEMFUNDO1-1.png\" \/>\n\t<meta property=\"og:image:width\" content=\"484\" \/>\n\t<meta property=\"og:image:height\" content=\"211\" \/>\n\t<meta property=\"og:image:type\" content=\"image\/png\" \/>\n<meta name=\"twitter:card\" content=\"summary_large_image\" \/>\n<meta name=\"twitter:label1\" content=\"Estimated reading time\" \/>\n\t<meta name=\"twitter:data1\" content=\"1 minute\" \/>\n<script type=\"application\/ld+json\" class=\"yoast-schema-graph\">{\"@context\":\"https:\\\/\\\/schema.org\",\"@graph\":[{\"@type\":\"WebPage\",\"@id\":\"https:\\\/\\\/www2.cudda.pt\\\/creditos-fotograficos\\\/\",\"url\":\"https:\\\/\\\/www2.cudda.pt\\\/creditos-fotograficos\\\/\",\"name\":\"Cr\u00e9ditos Fotogr\u00e1ficos - CUDDA - Gambozinos\",\"isPartOf\":{\"@id\":\"https:\\\/\\\/www2.cudda.pt\\\/#website\"},\"datePublished\":\"2025-05-27T15:07:36+00:00\",\"dateModified\":\"2025-06-18T13:44:04+00:00\",\"description\":\"Cr\u00e9ditos fotogr\u00e1ficos das imagens utilizadas no site, com agradecimento aos autores e informa\u00e7\u00e3o sobre as fontes e licen\u00e7as das imagens.\",\"breadcrumb\":{\"@id\":\"https:\\\/\\\/www2.cudda.pt\\\/creditos-fotograficos\\\/#breadcrumb\"},\"inLanguage\":\"en-GB\",\"potentialAction\":[{\"@type\":\"ReadAction\",\"target\":[\"https:\\\/\\\/www2.cudda.pt\\\/creditos-fotograficos\\\/\"]}]},{\"@type\":\"BreadcrumbList\",\"@id\":\"https:\\\/\\\/www2.cudda.pt\\\/creditos-fotograficos\\\/#breadcrumb\",\"itemListElement\":[{\"@type\":\"ListItem\",\"position\":1,\"name\":\"Home\",\"item\":\"https:\\\/\\\/www2.cudda.pt\\\/\"},{\"@type\":\"ListItem\",\"position\":2,\"name\":\"Cr\u00e9ditos Fotogr\u00e1ficos\"}]},{\"@type\":\"WebSite\",\"@id\":\"https:\\\/\\\/www2.cudda.pt\\\/#website\",\"url\":\"https:\\\/\\\/www2.cudda.pt\\\/\",\"name\":\"Clube de Ultimate e Desportos de Disco de Aveiro - Gambozinos\",\"description\":\"Aveiro Ultimate Frisbee\",\"publisher\":{\"@id\":\"https:\\\/\\\/www2.cudda.pt\\\/#organization\"},\"alternateName\":\"CUDDA - Gambozinos\",\"potentialAction\":[{\"@type\":\"SearchAction\",\"target\":{\"@type\":\"EntryPoint\",\"urlTemplate\":\"https:\\\/\\\/www2.cudda.pt\\\/?s={search_term_string}\"},\"query-input\":{\"@type\":\"PropertyValueSpecification\",\"valueRequired\":true,\"valueName\":\"search_term_string\"}}],\"inLanguage\":\"en-GB\"},{\"@type\":\"Organization\",\"@id\":\"https:\\\/\\\/www2.cudda.pt\\\/#organization\",\"name\":\"CUDDA - Gambozinos\",\"url\":\"https:\\\/\\\/www2.cudda.pt\\\/\",\"logo\":{\"@type\":\"ImageObject\",\"inLanguage\":\"en-GB\",\"@id\":\"https:\\\/\\\/www2.cudda.pt\\\/#\\\/schema\\\/logo\\\/image\\\/\",\"url\":\"https:\\\/\\\/www2.cudda.pt\\\/wp-content\\\/uploads\\\/2025\\\/01\\\/LOGO_GAMBOZINOS_SEMFUNDO1-1.png\",\"contentUrl\":\"https:\\\/\\\/www2.cudda.pt\\\/wp-content\\\/uploads\\\/2025\\\/01\\\/LOGO_GAMBOZINOS_SEMFUNDO1-1.png\",\"width\":484,\"height\":211,\"caption\":\"CUDDA - Gambozinos\"},\"image\":{\"@id\":\"https:\\\/\\\/www2.cudda.pt\\\/#\\\/schema\\\/logo\\\/image\\\/\"},\"sameAs\":[\"https:\\\/\\\/www.facebook.com\\\/aveiroultimate\\\/\",\"https:\\\/\\\/www.instagram.com\\\/aveiro_ultimate\\\/\"]}]}<\/script>\n<!-- \/ Yoast SEO plugin. -->","yoast_head_json":{"title":"Cr\u00e9ditos Fotogr\u00e1ficos - CUDDA - Gambozinos","description":"Cr\u00e9ditos fotogr\u00e1ficos das imagens utilizadas no site, com agradecimento aos autores e informa\u00e7\u00e3o sobre as fontes e licen\u00e7as das imagens.","robots":{"index":"index","follow":"follow","max-snippet":"max-snippet:-1","max-image-preview":"max-image-preview:large","max-video-preview":"max-video-preview:-1"},"canonical":"https:\/\/www2.cudda.pt\/en\/creditos-fotograficos\/","og_locale":"en_GB","og_type":"article","og_title":"Cr\u00e9ditos Fotogr\u00e1ficos - CUDDA - Gambozinos","og_description":"Cr\u00e9ditos fotogr\u00e1ficos das imagens utilizadas no site, com agradecimento aos autores e informa\u00e7\u00e3o sobre as fontes e licen\u00e7as das imagens.","og_url":"https:\/\/www2.cudda.pt\/en\/creditos-fotograficos\/","og_site_name":"CUDDA - Gambozinos","article_publisher":"https:\/\/www.facebook.com\/aveiroultimate\/","article_modified_time":"2025-06-18T13:44:04+00:00","og_image":[{"width":484,"height":211,"url":"https:\/\/www2.cudda.pt\/wp-content\/uploads\/2025\/01\/LOGO_GAMBOZINOS_SEMFUNDO1-1.png","type":"image\/png"}],"twitter_card":"summary_large_image","twitter_misc":{"Estimated reading time":"1 minute"},"schema":{"@context":"https:\/\/schema.org","@graph":[{"@type":"WebPage","@id":"https:\/\/www2.cudda.pt\/creditos-fotograficos\/","url":"https:\/\/www2.cudda.pt\/creditos-fotograficos\/","name":"Cr\u00e9ditos Fotogr\u00e1ficos - CUDDA - Gambozinos","isPartOf":{"@id":"https:\/\/www2.cudda.pt\/#website"},"datePublished":"2025-05-27T15:07:36+00:00","dateModified":"2025-06-18T13:44:04+00:00","description":"Cr\u00e9ditos fotogr\u00e1ficos das imagens utilizadas no site, com agradecimento aos autores e informa\u00e7\u00e3o sobre as fontes e licen\u00e7as das imagens.","breadcrumb":{"@id":"https:\/\/www2.cudda.pt\/creditos-fotograficos\/#breadcrumb"},"inLanguage":"en-GB","potentialAction":[{"@type":"ReadAction","target":["https:\/\/www2.cudda.pt\/creditos-fotograficos\/"]}]},{"@type":"BreadcrumbList","@id":"https:\/\/www2.cudda.pt\/creditos-fotograficos\/#breadcrumb","itemListElement":[{"@type":"ListItem","position":1,"name":"Home","item":"https:\/\/www2.cudda.pt\/"},{"@type":"ListItem","position":2,"name":"Cr\u00e9ditos Fotogr\u00e1ficos"}]},{"@type":"WebSite","@id":"https:\/\/www2.cudda.pt\/#website","url":"https:\/\/www2.cudda.pt\/","name":"Clube de Ultimate e Desportos de Disco de Aveiro - Gambozinos","description":"Aveiro Ultimate Frisbee","publisher":{"@id":"https:\/\/www2.cudda.pt\/#organization"},"alternateName":"CUDDA - Gambozinos","potentialAction":[{"@type":"SearchAction","target":{"@type":"EntryPoint","urlTemplate":"https:\/\/www2.cudda.pt\/?s={search_term_string}"},"query-input":{"@type":"PropertyValueSpecification","valueRequired":true,"valueName":"search_term_string"}}],"inLanguage":"en-GB"},{"@type":"Organization","@id":"https:\/\/www2.cudda.pt\/#organization","name":"CUDDA - Gambozinos","url":"https:\/\/www2.cudda.pt\/","logo":{"@type":"ImageObject","inLanguage":"en-GB","@id":"https:\/\/www2.cudda.pt\/#\/schema\/logo\/image\/","url":"https:\/\/www2.cudda.pt\/wp-content\/uploads\/2025\/01\/LOGO_GAMBOZINOS_SEMFUNDO1-1.png","contentUrl":"https:\/\/www2.cudda.pt\/wp-content\/uploads\/2025\/01\/LOGO_GAMBOZINOS_SEMFUNDO1-1.png","width":484,"height":211,"caption":"CUDDA - Gambozinos"},"image":{"@id":"https:\/\/www2.cudda.pt\/#\/schema\/logo\/image\/"},"sameAs":["https:\/\/www.facebook.com\/aveiroultimate\/","https:\/\/www.instagram.com\/aveiro_ultimate\/"]}]}},"_links":{"self":[{"href":"https:\/\/www2.cudda.pt\/en\/wp-json\/wp\/v2\/pages\/3969","targetHints":{"allow":["GET"]}}],"collection":[{"href":"https:\/\/www2.cudda.pt\/en\/wp-json\/wp\/v2\/pages"}],"about":[{"href":"https:\/\/www2.cudda.pt\/en\/wp-json\/wp\/v2\/types\/page"}],"author":[{"embeddable":true,"href":"https:\/\/www2.cudda.pt\/en\/wp-json\/wp\/v2\/users\/2"}],"replies":[{"embeddable":true,"href":"https:\/\/www2.cudda.pt\/en\/wp-json\/wp\/v2\/comments?post=3969"}],"version-history":[{"count":6,"href":"https:\/\/www2.cudda.pt\/en\/wp-json\/wp\/v2\/pages\/3969\/revisions"}],"predecessor-version":[{"id":4125,"href":"https:\/\/www2.cudda.pt\/en\/wp-json\/wp\/v2\/pages\/3969\/revisions\/4125"}],"wp:attachment":[{"href":"https:\/\/www2.cudda.pt\/en\/wp-json\/wp\/v2\/media?parent=3969"}],"curies":[{"name":"wp","href":"https:\/\/api.w.org\/{rel}","templated":true}]}}