{"id":3421,"date":"2025-03-23T14:09:42","date_gmt":"2025-03-23T14:09:42","guid":{"rendered":"https:\/\/www2.cudda.pt\/?page_id=3421"},"modified":"2026-05-01T09:52:39","modified_gmt":"2026-05-01T08:52:39","slug":"tri-pa-3","status":"publish","type":"page","link":"https:\/\/www2.cudda.pt\/en\/tri-pa-3\/","title":{"rendered":"Tri P&#8217;a 3"},"content":{"rendered":"<div id=\"fws_69fa73f5a697e\"  data-column-margin=\"default\" data-midnight=\"dark\"  class=\"wpb_row vc_row-fluid vc_row\"  style=\"padding-top: 0px; padding-bottom: 0px; \"><div class=\"row-bg-wrap\" data-bg-animation=\"none\" data-bg-animation-delay=\"\" data-bg-overlay=\"false\"><div class=\"inner-wrap row-bg-layer\" ><div class=\"row-bg viewport-desktop\"  style=\"\"><\/div><\/div><\/div><div class=\"row_col_wrap_12 col span_12 dark left\">\n\t<div  class=\"vc_col-sm-12 wpb_column column_container vc_column_container col no-extra-padding inherit_tablet inherit_phone\"  data-padding-pos=\"all\" data-has-bg-color=\"false\" data-bg-color=\"\" data-bg-opacity=\"1\" data-animation=\"\" data-delay=\"0\" >\n\t\t<div class=\"vc_column-inner\" >\n\t\t\t<div class=\"wpb_wrapper\">\n\t\t\t\t\n<div class=\"wpb_text_column wpb_content_element\" >\n\t<div class=\"wpb_wrapper\">\n\t\t<p style=\"text-align: center;\"><div class=\"trp-shortcode-switcher__wrapper\"\r\n     style=\"--bg:#ffffff;--bg-hover:#0000000d;--text:#143852;--text-hover:#1d2327;--border:1px solid #1438521a;--border-width:1px;--border-color:#1438521a;--border-radius:5px;--flag-radius:2px;--flag-size:18px;--aspect-ratio:4\/3;--font-size:14px;--transition-duration:0.2s\"\r\n     role=\"group\"\r\n     data-open-mode=\"hover\">\r\n\r\n    \r\n        <!-- ANCHOR (in-flow only; sizing\/borders; inert) -->\r\n        <div class=\"trp-language-switcher trp-ls-dropdown trp-shortcode-switcher trp-shortcode-anchor trp-open-on-hover\"\r\n             aria-hidden=\"true\"\r\n             inert\r\n data-no-translation>\r\n                <div class=\"trp-current-language-item__wrapper\">\r\n        <a class=\"trp-language-item trp-language-item__default trp-language-item__current\" data-no-translation href=\"https:\/\/www2.cudda.pt\/en\/wp-json\/wp\/v2\/pages\/3421\" title=\"English (UK)\"><span class=\"trp-language-item-name\">English (UK)<\/span><\/a>                    <svg class=\"trp-shortcode-arrow\" width=\"20\" height=\"20\" viewbox=\"0 0 20 21\" fill=\"none\" aria-hidden=\"true\" focusable=\"false\" xmlns=\"http:\/\/www.w3.org\/2000\/svg\">\r\n                <path d=\"M5 8L10 13L15 8\" stroke=\"var(--text)\" stroke-width=\"2\" stroke-linecap=\"round\" stroke-linejoin=\"round\"\/>\r\n            <\/svg>\r\n            <\/div>\r\n            <\/div>\r\n\r\n        <!-- OVERLAY (positioned; interactive surface) -->\r\n        <div class=\"trp-language-switcher trp-ls-dropdown trp-shortcode-switcher trp-shortcode-overlay trp-open-on-hover\"\r\n             role=\"navigation\"\r\n             aria-label=\"Website language selector\"\r\n             data-no-translation\r\n>\r\n                <div class=\"trp-current-language-item__wrapper\">\r\n        <div class=\"trp-language-item trp-language-item__default trp-language-item__current\" data-no-translation role=\"button\" aria-expanded=\"false\" tabindex=\"0\" aria-label=\"Change language\" aria-controls=\"trp-shortcode-dropdown-69fa73f5a6f2f\"><span class=\"trp-language-item-name\">English (UK)<\/span><\/div>                    <svg class=\"trp-shortcode-arrow\" width=\"20\" height=\"20\" viewbox=\"0 0 20 21\" fill=\"none\" aria-hidden=\"true\" focusable=\"false\" xmlns=\"http:\/\/www.w3.org\/2000\/svg\">\r\n                <path d=\"M5 8L10 13L15 8\" stroke=\"var(--text)\" stroke-width=\"2\" stroke-linecap=\"round\" stroke-linejoin=\"round\"\/>\r\n            <\/svg>\r\n            <\/div>\r\n    \r\n            <div class=\"trp-switcher-dropdown-list\"\r\n                 id=\"trp-shortcode-dropdown-69fa73f5a6f2f\"\r\n                 role=\"group\"\r\n                 aria-label=\"Available languages\"\r\n                 hidden\r\n inert\r\n>\r\n                                                            <a class=\"trp-language-item\" href=\"https:\/\/www2.cudda.pt\/en\/wp-json\/wp\/v2\/pages\/3421\" title=\"Portugu\u00eas\">\r\n                                                                                        <span class=\"trp-language-item-name\" data-no-translation>Portugu\u00eas<\/span>\r\n                                                                                <\/a>\r\n                                                <\/div>\r\n        <\/div>\r\n\r\n    <\/div>\n\t<\/div>\n<\/div>\n\n\n\n<div class=\"nectar-highlighted-text font_size_4vw\" data-style=\"scribble\" data-exp=\"default\" data-user-color=\"true\" style=\"color: #000000;\" data-using-custom-color=\"false\" data-animation-delay=\"false\" data-color=\"\" data-color-gradient=\"\"><h2 style=\"text-align: center\">Tri p\u2019a 3, only in Aveiro<\/h2>\n<\/div><div class=\"nectar-highlighted-text font_size_2vw\" data-style=\"scribble\" data-exp=\"default\" data-user-color=\"true\" style=\"color: #000000;\" data-using-custom-color=\"false\" data-animation-delay=\"false\" data-color=\"\" data-color-gradient=\"\"><h3 style=\"text-align: center\"><strong>Aveiro\u2019s 100% Women\u2019s Ultimate 3\u00d73 Tournament<\/strong><\/h3>\n<\/div><div id=\"fws_69fa73f5a7262\" data-midnight=\"\" data-column-margin=\"default\" class=\"wpb_row vc_row-fluid vc_row inner_row\"  style=\"\"><div class=\"row-bg-wrap\"> <div class=\"row-bg\" ><\/div> <\/div><div class=\"row_col_wrap_12_inner col span_12  left\">\n\t<div  class=\"vc_col-sm-12 wpb_column column_container vc_column_container col child_column centered-text no-extra-padding inherit_tablet inherit_phone\"   data-padding-pos=\"all\" data-has-bg-color=\"false\" data-bg-color=\"\" data-bg-opacity=\"1\" data-animation=\"\" data-delay=\"0\" >\n\t\t<div class=\"vc_column-inner\" >\n\t\t<div class=\"wpb_wrapper\">\n\t\t\t\n<div class=\"nectar-animated-title\" data-style=\"color-strip-reveal\" data-color=\"accent-color\">\n\t<div class=\"nectar-animated-title-outer\">\n\t\t<div class=\"nectar-animated-title-inner\">\n\t\t\t<div class=\"wrap\"><h4 style=\"color: #ffffff;\">Next edition in 2027<\/h4><\/div>\n\t\t<\/div>\n\t<\/div>\n<\/div>\n\t\t<\/div> \n\t<\/div>\n\t<\/div> \n<\/div><\/div>\n\t\t\t<\/div> \n\t\t<\/div>\n\t<\/div> \n<\/div><\/div>\n\t\t<div id=\"fws_69fa73f5a74ce\"  data-column-margin=\"default\" data-midnight=\"dark\"  class=\"wpb_row vc_row-fluid vc_row vc_row-o-equal-height vc_row-flex vc_row-o-content-middle  top_margin_5pct bottom_margin_5pct right_padding_10pct left_padding_10pct bottom_padding_phone_20px right_padding_phone_0px left_padding_phone_0px top_margin_phone_0px bottom_margin_phone_0px\"  style=\"padding-top: 0px; padding-bottom: 0px; \"><div class=\"row-bg-wrap\" data-bg-animation=\"none\" data-bg-animation-delay=\"\" data-bg-overlay=\"false\"><div class=\"inner-wrap row-bg-layer\" ><div class=\"row-bg viewport-desktop\"  style=\"\"><\/div><\/div><\/div><div class=\"row_col_wrap_12 col span_12 dark left\">\n\t<div  class=\"vc_col-sm-4 wpb_column column_container vc_column_container col no-extra-padding inherit_tablet inherit_phone\"  data-padding-pos=\"all\" data-has-bg-color=\"false\" data-bg-color=\"\" data-bg-opacity=\"1\" data-animation=\"\" data-delay=\"0\" >\n\t\t<div class=\"vc_column-inner\" >\n\t\t\t<div class=\"wpb_wrapper\">\n\t\t\t\t<div class=\"img-with-aniamtion-wrap center nectar-el-parallax-scroll\" data-max-width=\"100%\" data-max-width-mobile=\"default\" data-border-radius=\"20px\" data-shadow=\"none\" data-animation=\"none\" data-scroll-animation=\"true\" data-scroll-animation-movement=\"transform_y\" data-scroll-animation-mobile=\"\" data-scroll-animation-intensity=\"1\" >\n      <div class=\"inner\">\n        <div class=\"hover-wrap\"> \n          <div class=\"hover-wrap-inner\">\n            <img loading=\"lazy\" decoding=\"async\" class=\"img-with-animation skip-lazy\" data-delay=\"0\" height=\"1280\" width=\"960\" data-animation=\"none\" src=\"https:\/\/www2.cudda.pt\/wp-content\/uploads\/2025\/03\/Tri-pa-3.jpg\" alt=\"Tri p&#039;a 3\" srcset=\"https:\/\/www2.cudda.pt\/wp-content\/uploads\/2025\/03\/Tri-pa-3.jpg 960w, https:\/\/www2.cudda.pt\/wp-content\/uploads\/2025\/03\/Tri-pa-3-225x300.jpg 225w, https:\/\/www2.cudda.pt\/wp-content\/uploads\/2025\/03\/Tri-pa-3-768x1024.jpg 768w, https:\/\/www2.cudda.pt\/wp-content\/uploads\/2025\/03\/Tri-pa-3-450x600.jpg 450w, https:\/\/www2.cudda.pt\/wp-content\/uploads\/2025\/03\/Tri-pa-3-350x467.jpg 350w, https:\/\/www2.cudda.pt\/wp-content\/uploads\/2025\/03\/Tri-pa-3-900x1200.jpg 900w\" sizes=\"auto, (max-width: 960px) 100vw, 960px\" \/>\n          <\/div>\n        <\/div>\n      <\/div>\n    <\/div>\n\t\t\t<\/div> \n\t\t<\/div>\n\t<\/div> \n\n\t<div  class=\"vc_col-sm-8 wpb_column column_container vc_column_container col no-extra-padding inherit_tablet inherit_phone\"  data-padding-pos=\"all\" data-has-bg-color=\"false\" data-bg-color=\"\" data-bg-opacity=\"1\" data-animation=\"\" data-delay=\"0\" >\n\t\t<div class=\"vc_column-inner\" >\n\t\t\t<div class=\"wpb_wrapper\">\n\t\t\t\t<div class=\"nectar-highlighted-text font_size_3vw\" data-style=\"scribble\" data-exp=\"default\" data-user-color=\"true\" style=\"color: #191919;\" data-using-custom-color=\"false\" data-animation-delay=\"false\" data-color=\"\" data-color-gradient=\"\"><h2><em>Second\u00a0 <svg class=\"nectar-scribble basic-underline\" role=\"presentation\" viewbox=\"-400 -55 730 60\" preserveaspectratio=\"none\"><path style=\"animation-duration: 1.3s;\" d=\"m -383.25 -6 c 55.25 -22 130.75 -33.5 293.25 -38 c 54.5 -0.5 195 -2.5 401 15\" stroke=\"#007749\" pathlength=\"1\" stroke-width=\"14\" fill=\"none\"\/><\/svg><\/em>edition<\/h2>\n<\/div><div class=\"nectar-responsive-text nectar-link-underline-effect\"><div class=\"wpb_text_column wpb_content_element vc_custom_1739970807019\">\n<p>It is with great pride that Os Gambozinos \u2013 CUDDA hosted the second edition of Tri p\u2019a 3 on March 28, 2026, at Praia da Barra, in \u00cdlhavo, for a full day of <strong>100% women\u2019s Beach Ultimate<\/strong>, played in a 3\u00d73 format, a <strong>tournament<\/strong> that continues to stand out as <strong>unique in Portugal.<\/strong><\/p>\n<p>The day was filled with great games, positive energy, and true team spirit, with feet in the sand and the disc flying all day long. The event <strong>welcomed teams and players from across the country,<\/strong>helping grow and strengthen the women\u2019s Ultimate community in Portugal.<\/p>\n<p>A small historical note: the tournament takes its name from one of <strong>Aveiro\u2019s most iconic culinary specialties, Tripas,<\/strong>connecting the event to the local identity and the city that hosts it.<\/p>\n<p><strong>Thank you to all players, teams, volunteers, partners, and supporters who made this edition so special.<\/strong><\/p>\n<p>See you in 2027!<\/p>\n<\/div>\n<\/div>\n\t\t\t<\/div> \n\t\t<\/div>\n\t<\/div> \n<\/div><\/div>\n\t\t<div id=\"fws_69fa73f5a8883\"  data-br=\"20px\" data-br-applies=\"bg\" data-column-margin=\"default\" data-midnight=\"light\"  class=\"wpb_row vc_row-fluid vc_row vc_row-o-equal-height vc_row-flex vc_row-o-content-middle  right_padding_10pct left_padding_10pct right_padding_phone_0px left_padding_phone_0px\"  style=\"padding-top: 80px; padding-bottom: 80px; \"><div class=\"row-bg-wrap\" data-bg-animation=\"none\" data-bg-animation-delay=\"\" data-bg-overlay=\"true\"><div class=\"inner-wrap row-bg-layer using-image\" ><div class=\"row-bg viewport-desktop using-image using-bg-color\"  style=\"background-image: url(https:\/\/www2.cudda.pt\/wp-content\/uploads\/2025\/02\/women_sch_2024-3-scaled.jpg); background-position: center top; background-repeat: no-repeat; background-color: #ffffff; \"><\/div><\/div><div class=\"row-bg-overlay row-bg-layer\" style=\"background-color:#007749;  opacity: 0.8; \"><\/div><\/div><div class=\"row_col_wrap_12 col span_12 light left\">\n\t<div  class=\"vc_col-sm-5 wpb_column column_container vc_column_container col no-extra-padding force-tablet-text-align-center force-phone-text-align-center inherit_tablet inherit_phone\"  data-padding-pos=\"all\" data-has-bg-color=\"false\" data-bg-color=\"\" data-bg-opacity=\"1\" data-animation=\"\" data-delay=\"0\" >\n\t\t<div class=\"vc_column-inner\" >\n\t\t\t<div class=\"wpb_wrapper\">\n\t\t\t\t<div class=\"nectar-highlighted-text\" data-style=\"half_text\" data-exp=\"default\" data-using-custom-color=\"true\" data-animation-delay=\"false\" data-color=\"#ceb45f\" data-color-gradient=\"\" style=\"\"><h2>We'll be back in <em>2027<\/em><\/h2>\n<\/div>\n<div class=\"wpb_text_column wpb_content_element  vc_custom_1775465172890\" >\n\t<div class=\"wpb_wrapper\">\n\t\t<h4>\ud83d\udcc5 Date: March 2027<br \/>\n\ud83d\udccd Location: Praia da Barra, \u00cdlhavo (Aveiro)<\/h4>\n\t<\/div>\n<\/div>\n\n\n\n\n\t\t\t<\/div> \n\t\t<\/div>\n\t<\/div> \n\n\t<div  class=\"vc_col-sm-1 wpb_column column_container vc_column_container col no-extra-padding force-tablet-text-align-center force-phone-text-align-center inherit_tablet inherit_phone\"  data-padding-pos=\"all\" data-has-bg-color=\"false\" data-bg-color=\"\" data-bg-opacity=\"1\" data-animation=\"\" data-delay=\"0\" >\n\t\t<div class=\"vc_column-inner\" >\n\t\t\t<div class=\"wpb_wrapper\">\n\t\t\t\t\n\t\t\t<\/div> \n\t\t<\/div>\n\t<\/div> \n\n\t<div  class=\"vc_col-sm-6 wpb_column column_container vc_column_container col no-extra-padding force-desktop-text-align-center force-tablet-text-align-center force-phone-text-align-center inherit_tablet inherit_phone\"  data-padding-pos=\"all\" data-has-bg-color=\"false\" data-bg-color=\"\" data-bg-opacity=\"1\" data-animation=\"\" data-delay=\"0\" >\n\t\t<div class=\"vc_column-inner\" >\n\t\t\t<div class=\"wpb_wrapper\">\n\t\t\t\t<a class=\"nectar-button jumbo see-through-2  has-icon\"  role=\"button\" style=\"border-color: #ffffff; color: #ffffff;\" target=\"_blank\" href=\"#\" data-color-override=\"#ffffff\"  data-hover-color-override=\"#ffffff\" data-hover-text-color-override=\"#000000\"><span>See you in 2027<\/span><i  class=\"icon-button-arrow\"><\/i><\/a>\n\t\t\t<\/div> \n\t\t<\/div>\n\t<\/div> \n<\/div><\/div>\n\t\t<div id=\"fws_69fa73f5a8ef8\"  data-column-margin=\"default\" data-midnight=\"dark\"  class=\"wpb_row vc_row-fluid vc_row\"  style=\"padding-top: 0px; padding-bottom: 0px; \"><div class=\"row-bg-wrap\" data-bg-animation=\"none\" data-bg-animation-delay=\"\" data-bg-overlay=\"false\"><div class=\"inner-wrap row-bg-layer\" ><div class=\"row-bg viewport-desktop\"  style=\"\"><\/div><\/div><\/div><div class=\"row_col_wrap_12 col span_12 dark left\">\n\t<div  class=\"vc_col-sm-12 wpb_column column_container vc_column_container col no-extra-padding inherit_tablet inherit_phone\"  data-padding-pos=\"all\" data-has-bg-color=\"false\" data-bg-color=\"\" data-bg-opacity=\"1\" data-animation=\"\" data-delay=\"0\" >\n\t\t<div class=\"vc_column-inner\" >\n\t\t\t<div class=\"wpb_wrapper\">\n\t\t\t\t<div class=\"nectar-highlighted-text font_size_3vw\" data-style=\"scribble\" data-exp=\"default\" data-user-color=\"true\" style=\"color: #191919;\" data-using-custom-color=\"false\" data-animation-delay=\"false\" data-color=\"\" data-color-gradient=\"\"><h2 style=\"text-align: center\">A glimpse of the previous edition <em>2025<svg class=\"nectar-scribble basic-underline\" role=\"presentation\" viewbox=\"-400 -55 730 60\" preserveaspectratio=\"none\"><path style=\"animation-duration: 1.3s;\" d=\"m -383.25 -6 c 55.25 -22 130.75 -33.5 293.25 -38 c 54.5 -0.5 195 -2.5 401 15\" stroke=\"#007749\" pathlength=\"1\" stroke-width=\"14\" fill=\"none\"\/><\/svg><\/em><\/h2>\n<\/div><div class=\"divider-wrap\" data-alignment=\"default\"><div style=\"height: 25px;\" class=\"divider\"><\/div><\/div>\n\t<div class=\"wpb_video_widget wpb_content_element vc_clearfix   vc_video-aspect-ratio-169 vc_video-el-width-70 vc_video-align-center\" >\n\t\t<div class=\"wpb_wrapper\">\n\t\t\t\n\t\t\t<div class=\"wpb_video_wrapper\"><iframe loading=\"lazy\" title=\"Tri P&#039;a 3 2025 - Beach Ultimate Women\" width=\"500\" height=\"281\" src=\"https:\/\/www.youtube.com\/embed\/P4j6Yk1DMTQ?feature=oembed\" frameborder=\"0\" allow=\"accelerometer; autoplay; clipboard-write; encrypted-media; gyroscope; picture-in-picture; web-share\" referrerpolicy=\"strict-origin-when-cross-origin\" allowfullscreen><\/iframe><\/div>\n\t\t<\/div>\n\t<\/div>\n\n\t\t\t<\/div> \n\t\t<\/div>\n\t<\/div> \n<\/div><\/div>","protected":false},"excerpt":{"rendered":"English (UK) English (UK) Portugu\u00eas Tri p'a 3, s\u00f3 em Aveiro O Torneio 100% Feminino de Ultimate 3\u00d73 de Aveiro Pr\u00f3xima edi\u00e7\u00e3o em 2027 Segunda\u00a0 edi\u00e7\u00e3o \u00c9 com grande orgulho...","protected":false},"author":2,"featured_media":0,"parent":0,"menu_order":0,"comment_status":"closed","ping_status":"closed","template":"","meta":{"footnotes":""},"class_list":["post-3421","page","type-page","status-publish"],"yoast_head":"<!-- This site is optimized with the Yoast SEO plugin v27.5 - https:\/\/yoast.com\/product\/yoast-seo-wordpress\/ -->\n<title>Tri P&#039;a 3 - CUDDA - Gambozinos<\/title>\n<meta name=\"description\" content=\"Tri p\u2019a 3: O torneio de Ultimate 3x3 de Praia focado no feminino, com muito jogo, divers\u00e3o e tripas de Aveiro!\" \/>\n<meta name=\"robots\" content=\"index, follow, max-snippet:-1, max-image-preview:large, max-video-preview:-1\" \/>\n<link rel=\"canonical\" href=\"https:\/\/www2.cudda.pt\/en\/tri-pa-3\/\" \/>\n<meta property=\"og:locale\" content=\"en_GB\" \/>\n<meta property=\"og:type\" content=\"article\" \/>\n<meta property=\"og:title\" content=\"Tri P&#039;a 3 - CUDDA - Gambozinos\" \/>\n<meta property=\"og:description\" content=\"Tri p\u2019a 3: O torneio de Ultimate 3x3 de Praia focado no feminino, com muito jogo, divers\u00e3o e tripas de Aveiro!\" \/>\n<meta property=\"og:url\" content=\"https:\/\/www2.cudda.pt\/en\/tri-pa-3\/\" \/>\n<meta property=\"og:site_name\" content=\"CUDDA - Gambozinos\" \/>\n<meta property=\"article:publisher\" content=\"https:\/\/www.facebook.com\/aveiroultimate\/\" \/>\n<meta property=\"article:modified_time\" content=\"2026-05-01T08:52:39+00:00\" \/>\n<meta property=\"og:image\" content=\"https:\/\/www2.cudda.pt\/wp-content\/uploads\/2025\/01\/LOGO_GAMBOZINOS_SEMFUNDO1-1.png\" \/>\n\t<meta property=\"og:image:width\" content=\"484\" \/>\n\t<meta property=\"og:image:height\" content=\"211\" \/>\n\t<meta property=\"og:image:type\" content=\"image\/png\" \/>\n<meta name=\"twitter:card\" content=\"summary_large_image\" \/>\n<meta name=\"twitter:label1\" content=\"Estimated reading time\" \/>\n\t<meta name=\"twitter:data1\" content=\"2 minutes\" \/>\n<script type=\"application\/ld+json\" class=\"yoast-schema-graph\">{\"@context\":\"https:\\\/\\\/schema.org\",\"@graph\":[{\"@type\":\"WebPage\",\"@id\":\"https:\\\/\\\/www2.cudda.pt\\\/tri-pa-3\\\/\",\"url\":\"https:\\\/\\\/www2.cudda.pt\\\/tri-pa-3\\\/\",\"name\":\"Tri P'a 3 - CUDDA - Gambozinos\",\"isPartOf\":{\"@id\":\"https:\\\/\\\/www2.cudda.pt\\\/#website\"},\"datePublished\":\"2025-03-23T14:09:42+00:00\",\"dateModified\":\"2026-05-01T08:52:39+00:00\",\"description\":\"Tri p\u2019a 3: O torneio de Ultimate 3x3 de Praia focado no feminino, com muito jogo, divers\u00e3o e tripas de Aveiro!\",\"breadcrumb\":{\"@id\":\"https:\\\/\\\/www2.cudda.pt\\\/tri-pa-3\\\/#breadcrumb\"},\"inLanguage\":\"en-GB\",\"potentialAction\":[{\"@type\":\"ReadAction\",\"target\":[\"https:\\\/\\\/www2.cudda.pt\\\/tri-pa-3\\\/\"]}]},{\"@type\":\"BreadcrumbList\",\"@id\":\"https:\\\/\\\/www2.cudda.pt\\\/tri-pa-3\\\/#breadcrumb\",\"itemListElement\":[{\"@type\":\"ListItem\",\"position\":1,\"name\":\"Home\",\"item\":\"https:\\\/\\\/www2.cudda.pt\\\/\"},{\"@type\":\"ListItem\",\"position\":2,\"name\":\"Tri P&#8217;a 3\"}]},{\"@type\":\"WebSite\",\"@id\":\"https:\\\/\\\/www2.cudda.pt\\\/#website\",\"url\":\"https:\\\/\\\/www2.cudda.pt\\\/\",\"name\":\"Clube de Ultimate e Desportos de Disco de Aveiro - Gambozinos\",\"description\":\"Aveiro Ultimate Frisbee\",\"publisher\":{\"@id\":\"https:\\\/\\\/www2.cudda.pt\\\/#organization\"},\"alternateName\":\"CUDDA - Gambozinos\",\"potentialAction\":[{\"@type\":\"SearchAction\",\"target\":{\"@type\":\"EntryPoint\",\"urlTemplate\":\"https:\\\/\\\/www2.cudda.pt\\\/?s={search_term_string}\"},\"query-input\":{\"@type\":\"PropertyValueSpecification\",\"valueRequired\":true,\"valueName\":\"search_term_string\"}}],\"inLanguage\":\"en-GB\"},{\"@type\":\"Organization\",\"@id\":\"https:\\\/\\\/www2.cudda.pt\\\/#organization\",\"name\":\"CUDDA - Gambozinos\",\"url\":\"https:\\\/\\\/www2.cudda.pt\\\/\",\"logo\":{\"@type\":\"ImageObject\",\"inLanguage\":\"en-GB\",\"@id\":\"https:\\\/\\\/www2.cudda.pt\\\/#\\\/schema\\\/logo\\\/image\\\/\",\"url\":\"https:\\\/\\\/www2.cudda.pt\\\/wp-content\\\/uploads\\\/2025\\\/01\\\/LOGO_GAMBOZINOS_SEMFUNDO1-1.png\",\"contentUrl\":\"https:\\\/\\\/www2.cudda.pt\\\/wp-content\\\/uploads\\\/2025\\\/01\\\/LOGO_GAMBOZINOS_SEMFUNDO1-1.png\",\"width\":484,\"height\":211,\"caption\":\"CUDDA - Gambozinos\"},\"image\":{\"@id\":\"https:\\\/\\\/www2.cudda.pt\\\/#\\\/schema\\\/logo\\\/image\\\/\"},\"sameAs\":[\"https:\\\/\\\/www.facebook.com\\\/aveiroultimate\\\/\",\"https:\\\/\\\/www.instagram.com\\\/aveiro_ultimate\\\/\"]}]}<\/script>\n<!-- \/ Yoast SEO plugin. -->","yoast_head_json":{"title":"Tri P'a 3 - CUDDA - Gambozinos","description":"Tri p\u2019a 3: O torneio de Ultimate 3x3 de Praia focado no feminino, com muito jogo, divers\u00e3o e tripas de Aveiro!","robots":{"index":"index","follow":"follow","max-snippet":"max-snippet:-1","max-image-preview":"max-image-preview:large","max-video-preview":"max-video-preview:-1"},"canonical":"https:\/\/www2.cudda.pt\/en\/tri-pa-3\/","og_locale":"en_GB","og_type":"article","og_title":"Tri P'a 3 - CUDDA - Gambozinos","og_description":"Tri p\u2019a 3: O torneio de Ultimate 3x3 de Praia focado no feminino, com muito jogo, divers\u00e3o e tripas de Aveiro!","og_url":"https:\/\/www2.cudda.pt\/en\/tri-pa-3\/","og_site_name":"CUDDA - Gambozinos","article_publisher":"https:\/\/www.facebook.com\/aveiroultimate\/","article_modified_time":"2026-05-01T08:52:39+00:00","og_image":[{"width":484,"height":211,"url":"https:\/\/www2.cudda.pt\/wp-content\/uploads\/2025\/01\/LOGO_GAMBOZINOS_SEMFUNDO1-1.png","type":"image\/png"}],"twitter_card":"summary_large_image","twitter_misc":{"Estimated reading time":"2 minutes"},"schema":{"@context":"https:\/\/schema.org","@graph":[{"@type":"WebPage","@id":"https:\/\/www2.cudda.pt\/tri-pa-3\/","url":"https:\/\/www2.cudda.pt\/tri-pa-3\/","name":"Tri P'a 3 - CUDDA - Gambozinos","isPartOf":{"@id":"https:\/\/www2.cudda.pt\/#website"},"datePublished":"2025-03-23T14:09:42+00:00","dateModified":"2026-05-01T08:52:39+00:00","description":"Tri p\u2019a 3: O torneio de Ultimate 3x3 de Praia focado no feminino, com muito jogo, divers\u00e3o e tripas de Aveiro!","breadcrumb":{"@id":"https:\/\/www2.cudda.pt\/tri-pa-3\/#breadcrumb"},"inLanguage":"en-GB","potentialAction":[{"@type":"ReadAction","target":["https:\/\/www2.cudda.pt\/tri-pa-3\/"]}]},{"@type":"BreadcrumbList","@id":"https:\/\/www2.cudda.pt\/tri-pa-3\/#breadcrumb","itemListElement":[{"@type":"ListItem","position":1,"name":"Home","item":"https:\/\/www2.cudda.pt\/"},{"@type":"ListItem","position":2,"name":"Tri P&#8217;a 3"}]},{"@type":"WebSite","@id":"https:\/\/www2.cudda.pt\/#website","url":"https:\/\/www2.cudda.pt\/","name":"Clube de Ultimate e Desportos de Disco de Aveiro - Gambozinos","description":"Aveiro Ultimate Frisbee","publisher":{"@id":"https:\/\/www2.cudda.pt\/#organization"},"alternateName":"CUDDA - Gambozinos","potentialAction":[{"@type":"SearchAction","target":{"@type":"EntryPoint","urlTemplate":"https:\/\/www2.cudda.pt\/?s={search_term_string}"},"query-input":{"@type":"PropertyValueSpecification","valueRequired":true,"valueName":"search_term_string"}}],"inLanguage":"en-GB"},{"@type":"Organization","@id":"https:\/\/www2.cudda.pt\/#organization","name":"CUDDA - Gambozinos","url":"https:\/\/www2.cudda.pt\/","logo":{"@type":"ImageObject","inLanguage":"en-GB","@id":"https:\/\/www2.cudda.pt\/#\/schema\/logo\/image\/","url":"https:\/\/www2.cudda.pt\/wp-content\/uploads\/2025\/01\/LOGO_GAMBOZINOS_SEMFUNDO1-1.png","contentUrl":"https:\/\/www2.cudda.pt\/wp-content\/uploads\/2025\/01\/LOGO_GAMBOZINOS_SEMFUNDO1-1.png","width":484,"height":211,"caption":"CUDDA - Gambozinos"},"image":{"@id":"https:\/\/www2.cudda.pt\/#\/schema\/logo\/image\/"},"sameAs":["https:\/\/www.facebook.com\/aveiroultimate\/","https:\/\/www.instagram.com\/aveiro_ultimate\/"]}]}},"_links":{"self":[{"href":"https:\/\/www2.cudda.pt\/en\/wp-json\/wp\/v2\/pages\/3421","targetHints":{"allow":["GET"]}}],"collection":[{"href":"https:\/\/www2.cudda.pt\/en\/wp-json\/wp\/v2\/pages"}],"about":[{"href":"https:\/\/www2.cudda.pt\/en\/wp-json\/wp\/v2\/types\/page"}],"author":[{"embeddable":true,"href":"https:\/\/www2.cudda.pt\/en\/wp-json\/wp\/v2\/users\/2"}],"replies":[{"embeddable":true,"href":"https:\/\/www2.cudda.pt\/en\/wp-json\/wp\/v2\/comments?post=3421"}],"version-history":[{"count":84,"href":"https:\/\/www2.cudda.pt\/en\/wp-json\/wp\/v2\/pages\/3421\/revisions"}],"predecessor-version":[{"id":4358,"href":"https:\/\/www2.cudda.pt\/en\/wp-json\/wp\/v2\/pages\/3421\/revisions\/4358"}],"wp:attachment":[{"href":"https:\/\/www2.cudda.pt\/en\/wp-json\/wp\/v2\/media?parent=3421"}],"curies":[{"name":"wp","href":"https:\/\/api.w.org\/{rel}","templated":true}]}}